{"id":684,"date":"2017-02-13T22:20:40","date_gmt":"2017-02-13T21:20:40","guid":{"rendered":"http:\/\/www.lokschuppen-hochdahl.de\/wordpress\/?page_id=684"},"modified":"2019-10-01T12:03:15","modified_gmt":"2019-10-01T10:03:15","slug":"sponsoren","status":"publish","type":"page","link":"https:\/\/www.lokschuppen-hochdahl.de\/wordpress\/museum\/sponsoren\/","title":{"rendered":"Sponsoren"},"content":{"rendered":"<p class=\"bodytext\">Auf dieser Seite finden Sie Firmen aufgelistet, die unsere ehrenamtliche und gemeinn\u00fctzige Arbeit durch entweder gro\u00dfz\u00fcgige Sachspenden oder gro\u00dfe Preisnachl\u00e4sse unterst\u00fctzen. Liebe Leser unserer Homepage, vielleicht ber\u00fccksichtigen Sie diese Firmen bei Ihren n\u00e4chsten Eink\u00e4ufen oder Auftr\u00e4gen.<\/p>\n<p class=\"bodytext\">\u00a0Wir bedanken uns\u00a0recht herzlich bei:<\/p>\n<p class=\"bodytext\">\n<table id=\"tablepress-1\" class=\"tablepress tablepress-id-1\">\n<thead>\n<tr class=\"row-1 odd\">\n\t<th class=\"column-1\">Name<\/th><th class=\"column-2\">Link<\/th><th class=\"column-3\">&nbsp;<\/th>\n<\/tr>\n<\/thead>\n<tbody class=\"row-hover\">\n<tr class=\"row-2 even\">\n\t<td class=\"column-1\">Haaner Felsenquelle, staatl. anerkannte Heilquelle GmbH<\/td><td class=\"column-2\"><a href=\"http:\/\/www.haanerfelsenquelle.de\/\" target=\"_blank\">www.haanerfelsenquelle.de<\/a><\/td><td class=\"column-3\"><img src=\"http:\/\/www.lokschuppen-hochdahl.de\/wordpress\/wp-content\/uploads\/2019\/09\/HFQ_Logo_Neu.png\" alt=\"\" class=\"alignleft size-full\" \/><\/td>\n<\/tr>\n<tr class=\"row-3 odd\">\n\t<td class=\"column-1\">B\u00e4ckerei Sch\u00fcren aus Hilden<\/td><td class=\"column-2\"><a href=\"http:\/\/www.ihr-baecker-schueren.de\/index.html\" target=\"_blank\">www.ihr-baecker-schueren.de<\/a><\/td><td class=\"column-3\"><img src=\"http:\/\/www.lokschuppen-hochdahl.de\/wordpress\/wp-content\/uploads\/2017\/02\/c1e99dbb571.jpg\" alt=\"\" width=\"234\" height=\"150\" class=\"alignleft size-full wp-image-705\" \/><\/td>\n<\/tr>\n<tr class=\"row-4 even\">\n\t<td class=\"column-1\">Conrads-Lacke aus Wuppertal<\/td><td class=\"column-2\"><a href=\"http:\/\/www.conrads-lacke.de\/aktuell\/index.php\" target=\"_blank\">www.conrads-lacke.de<\/a><\/td><td class=\"column-3\"><img src=\"http:\/\/www.lokschuppen-hochdahl.de\/wordpress\/wp-content\/uploads\/2017\/02\/02315a86d01.jpg\" alt=\"\" width=\"161\" height=\"150\" class=\"alignleft size-full wp-image-704\" \/><\/td>\n<\/tr>\n<tr class=\"row-5 odd\">\n\t<td class=\"column-1\">Contacto aus Erkrath  - Professionelles Gastrogeschirr<\/td><td class=\"column-2\"><a href=\"http:\/\/www.contacto.de\/startseite.aspx\" target=\"_blank\">www.contacto.de<\/a><\/td><td class=\"column-3\"><img src=\"http:\/\/www.lokschuppen-hochdahl.de\/wordpress\/wp-content\/uploads\/2017\/02\/contacto_logo_blau1_011.jpg\" alt=\"\" width=\"300\" height=\"127\" class=\"alignleft size-full wp-image-703\" \/><\/td>\n<\/tr>\n<tr class=\"row-6 even\">\n\t<td class=\"column-1\">de Buhr - Baufachbetrieb aus Erkrath<\/td><td class=\"column-2\"><a href=\"http:\/\/www.debuhrbau.de\/\" target=\"_blank\">www.debuhrbau.de<\/a><\/td><td class=\"column-3\"><img src=\"http:\/\/www.lokschuppen-hochdahl.de\/wordpress\/wp-content\/uploads\/2017\/02\/debuhrlogojpg1.jpg\" alt=\"\" width=\"430\" height=\"107\" class=\"alignleft size-full wp-image-702\" \/><\/td>\n<\/tr>\n<tr class=\"row-7 odd\">\n\t<td class=\"column-1\">Erotox GmbH aus Erkrath - Verschleissschutz<\/td><td class=\"column-2\"><a href=\"http:\/\/www.scholten-gmbh.de\/home\/scholtenHome.html\" target=\"_blank\">www.scholten-gmbh.de<\/a><\/td><td class=\"column-3\"><img src=\"http:\/\/www.lokschuppen-hochdahl.de\/wordpress\/wp-content\/uploads\/2017\/02\/3f0e003e6a1.jpg\" alt=\"\" width=\"185\" height=\"150\" class=\"alignleft size-full wp-image-701\" \/><\/td>\n<\/tr>\n<tr class=\"row-8 even\">\n\t<td class=\"column-1\">Arthur Hanke und S\u00f6hne aus Hochdahl<\/td><td class=\"column-2\"><a href=\"http:\/\/www.meisterhanke.de\/\" target=\"_blank\">www.meisterhanke.de<\/a><\/td><td class=\"column-3\"><img src=\"http:\/\/www.lokschuppen-hochdahl.de\/wordpress\/wp-content\/uploads\/2017\/02\/f0c08cc8d51.jpg\" alt=\"\" width=\"247\" height=\"150\" class=\"alignleft size-full wp-image-700\" \/><\/td>\n<\/tr>\n<tr class=\"row-9 odd\">\n\t<td class=\"column-1\">Kalksteinwerk aus Neandertal<\/td><td class=\"column-2\"><a href=\"http:\/\/www.kalksteinwerk-neandertal.de\/\" target=\"_blank\">www.kalksteinwerk-neandertal.de<\/a><\/td><td class=\"column-3\"><img src=\"http:\/\/www.lokschuppen-hochdahl.de\/wordpress\/wp-content\/uploads\/2017\/02\/aa861a96431.jpg\" alt=\"\" width=\"259\" height=\"100\" class=\"alignleft size-full wp-image-699\" \/><\/td>\n<\/tr>\n<tr class=\"row-10 even\">\n\t<td class=\"column-1\">Keppler-Holz aus Hilden<\/td><td class=\"column-2\"><a href=\"http:\/\/www.keppler-holz.de\/index.php\" target=\"_blank\">www.keppler-holz.de<\/a><\/td><td class=\"column-3\"><img src=\"http:\/\/www.lokschuppen-hochdahl.de\/wordpress\/wp-content\/uploads\/2017\/02\/c60e2d770e1.jpg\" alt=\"\" width=\"269\" height=\"100\" class=\"alignleft size-full wp-image-698\" \/><\/td>\n<\/tr>\n<tr class=\"row-11 odd\">\n\t<td class=\"column-1\">Daniel Kunz aus Hochdahl<\/td><td class=\"column-2\"><a href=\"http:\/\/www.daniel-kunz.de\/\" target=\"_blank\">www.daniel-kunz.de<\/a><\/td><td class=\"column-3\"><img src=\"http:\/\/www.lokschuppen-hochdahl.de\/wordpress\/wp-content\/uploads\/2017\/02\/b6d88f7b951.jpg\" alt=\"\" width=\"253\" height=\"50\" class=\"alignleft size-full wp-image-697\" \/><\/td>\n<\/tr>\n<tr class=\"row-12 even\">\n\t<td class=\"column-1\">Vorwerk aus Wuppertal<\/td><td class=\"column-2\"><a href=\"http:\/\/www.vorwerk-teppich.de\/sc\/vorwerk\/template\/home_de.html\" target=\"_blank\">www.vorwerk-teppich.de<\/a><\/td><td class=\"column-3\"><img src=\"http:\/\/www.lokschuppen-hochdahl.de\/wordpress\/wp-content\/uploads\/2017\/02\/386ccd97011.jpg\" alt=\"\" width=\"179\" height=\"150\" class=\"alignleft size-full wp-image-696\" \/><\/td>\n<\/tr>\n<tr class=\"row-13 odd\">\n\t<td class=\"column-1\">Wunsch-\u00d6le aus Ratingen<\/td><td class=\"column-2\"><a href=\"http:\/\/www.wunsch-oele.de\/\" target=\"_blank\">www.wunsch-oele.de<\/a><\/td><td class=\"column-3\"><img src=\"http:\/\/www.lokschuppen-hochdahl.de\/wordpress\/wp-content\/uploads\/2017\/02\/99cfa88dd51.jpg\" alt=\"\" width=\"196\" height=\"150\" class=\"alignleft size-full wp-image-695\" \/><\/td>\n<\/tr>\n<\/tbody>\n<\/table>\n<!-- #tablepress-1 from cache --><\/p>\n","protected":false},"excerpt":{"rendered":"<p>Auf dieser Seite finden Sie Firmen aufgelistet, die unsere ehrenamtliche und gemeinn\u00fctzige Arbeit durch entweder gro\u00dfz\u00fcgige Sachspenden oder gro\u00dfe Preisnachl\u00e4sse unterst\u00fctzen. Liebe Leser unserer Homepage, vielleicht ber\u00fccksichtigen Sie diese Firmen bei Ihren n\u00e4chsten Eink\u00e4ufen oder Auftr\u00e4gen. \u00a0Wir bedanken uns\u00a0recht herzlich<a class=\"more-link\" href=\"https:\/\/www.lokschuppen-hochdahl.de\/wordpress\/museum\/sponsoren\/\" title=\"Sponsoren\"><span>Mehr<\/span><\/a><\/p>\n","protected":false},"author":1,"featured_media":0,"parent":417,"menu_order":0,"comment_status":"closed","ping_status":"closed","template":"","meta":[],"_links":{"self":[{"href":"https:\/\/www.lokschuppen-hochdahl.de\/wordpress\/wp-json\/wp\/v2\/pages\/684"}],"collection":[{"href":"https:\/\/www.lokschuppen-hochdahl.de\/wordpress\/wp-json\/wp\/v2\/pages"}],"about":[{"href":"https:\/\/www.lokschuppen-hochdahl.de\/wordpress\/wp-json\/wp\/v2\/types\/page"}],"author":[{"embeddable":true,"href":"https:\/\/www.lokschuppen-hochdahl.de\/wordpress\/wp-json\/wp\/v2\/users\/1"}],"replies":[{"embeddable":true,"href":"https:\/\/www.lokschuppen-hochdahl.de\/wordpress\/wp-json\/wp\/v2\/comments?post=684"}],"version-history":[{"count":3,"href":"https:\/\/www.lokschuppen-hochdahl.de\/wordpress\/wp-json\/wp\/v2\/pages\/684\/revisions"}],"predecessor-version":[{"id":689,"href":"https:\/\/www.lokschuppen-hochdahl.de\/wordpress\/wp-json\/wp\/v2\/pages\/684\/revisions\/689"}],"up":[{"embeddable":true,"href":"https:\/\/www.lokschuppen-hochdahl.de\/wordpress\/wp-json\/wp\/v2\/pages\/417"}],"wp:attachment":[{"href":"https:\/\/www.lokschuppen-hochdahl.de\/wordpress\/wp-json\/wp\/v2\/media?parent=684"}],"curies":[{"name":"wp","href":"https:\/\/api.w.org\/{rel}","templated":true}]}}