{"id":478,"date":"2016-10-28T21:39:05","date_gmt":"2016-10-28T19:39:05","guid":{"rendered":"http:\/\/www.lokschuppen-hochdahl.de\/wordpress\/?page_id=478"},"modified":"2022-07-02T15:20:03","modified_gmt":"2022-07-02T13:20:03","slug":"der-verein","status":"publish","type":"page","link":"https:\/\/www.lokschuppen-hochdahl.de\/wordpress\/museum\/der-verein\/","title":{"rendered":"Der Verein"},"content":{"rendered":"<h3>Wer steckt dahinter?<\/h3>\n<p><a href=\"https:\/\/www.lokschuppen-hochdahl.de\/wordpress\/wp-content\/uploads\/2016\/10\/EHEH_11.02.2017_Hochdahl.jpg\"><img loading=\"lazy\" class=\"wp-image-679 alignright\" src=\"https:\/\/www.lokschuppen-hochdahl.de\/wordpress\/wp-content\/uploads\/2016\/10\/EHEH_11.02.2017_Hochdahl-200x300.jpg\" width=\"260\" height=\"390\" srcset=\"https:\/\/www.lokschuppen-hochdahl.de\/wordpress\/wp-content\/uploads\/2016\/10\/EHEH_11.02.2017_Hochdahl-200x300.jpg 200w, https:\/\/www.lokschuppen-hochdahl.de\/wordpress\/wp-content\/uploads\/2016\/10\/EHEH_11.02.2017_Hochdahl-768x1152.jpg 768w, https:\/\/www.lokschuppen-hochdahl.de\/wordpress\/wp-content\/uploads\/2016\/10\/EHEH_11.02.2017_Hochdahl-683x1024.jpg 683w\" sizes=\"(max-width: 260px) 100vw, 260px\" \/><\/a>Der Verein wurde am 05.09.1991 gegr\u00fcndet und ist im Vereinsregister beim Amtsgericht Mettmann als lfd. Nr. 713 eingetragen.<\/p>\n<p>Zentrale Themen des Vereinslebens sind der Museumsbetrieb, das Archiv, die Fahrzeugausstellung und die Durchf\u00fchrung von Veranstaltungen zum Unterhalt des Museums. Alles geschieht ehrenamtlich mit gro\u00dfem Engagement der aktiven Mitglieder.<\/p>\n<h4>Vorstand<\/h4>\n<ul>\n<li>1. Vorsitzender Dr. Ralf Fellenberg 0211 \/ 30269005<\/li>\n<li>2. Vorsitzender Gottfried Bander 02104 \/ 33313<\/li>\n<li>Schatzmeister Wolfgang Neukirchen 02104 \/ 33841<\/li>\n<li>Beisitzer Wolfgang Weiberg<\/li>\n<li>Beisitzer Robin Sch\u00e4fer<\/li>\n<\/ul>\n<h4>Ansprechpartner<\/h4>\n<ul>\n<li>Archiv Dr. Ralf Fellenberg 0211 \/ 30269005<\/li>\n<li>Fahrzeuge und Fahrweg Reiner Reschke<\/li>\n<li>Heimat Gottfried und Herbert Bander 02104 \/ 33313 bzw. 02104 \/ 31184<\/li>\n<li>Einkauf Gerhard Ahrens 0170\/ 3158200<\/li>\n<li>Leiter Wartungshalle (z. Zt. nicht besetzt)<\/li>\n<li>Soziales (z. Zt. nicht besetzt)<\/li>\n<li>Vermietungen \u00fcber Hopmanns Olive 02104\/ 803632<\/li>\n<\/ul>\n<h4>Mitgliedertreffen<\/h4>\n<p>Die Mitglieder treffen sich normalerweise immer mittwochs ab 16:00 Uhr und samstags ab 10:00 Uhr im Museumsgel\u00e4nde. Interessenten sind jederzeit herzlich willkommen. F\u00fcr jeden ist ein Bet\u00e4tigungsfeld vorhanden. Gleisbau, Fahrzeugrestaurierung oder Archivarbeit und Modellbahn sind nur einige M\u00f6glichkeiten.<\/p>\n<h4>Webmaster<\/h4>\n<p>Marcel Stritzelberger \/\/ <a href=\"http:\/\/www.computing-competence.de\" target=\"_blank\" rel=\"noopener noreferrer\">computing competence <\/a><\/p>\n<p><a href=\"http:\/\/www.computing-competence.de\"><img loading=\"lazy\" class=\"alignleft wp-image-681 size-full\" src=\"https:\/\/www.lokschuppen-hochdahl.de\/wordpress\/wp-content\/uploads\/2016\/10\/cc.png\" width=\"1195\" height=\"373\" srcset=\"https:\/\/www.lokschuppen-hochdahl.de\/wordpress\/wp-content\/uploads\/2016\/10\/cc.png 1195w, https:\/\/www.lokschuppen-hochdahl.de\/wordpress\/wp-content\/uploads\/2016\/10\/cc-300x94.png 300w, https:\/\/www.lokschuppen-hochdahl.de\/wordpress\/wp-content\/uploads\/2016\/10\/cc-768x240.png 768w, https:\/\/www.lokschuppen-hochdahl.de\/wordpress\/wp-content\/uploads\/2016\/10\/cc-1024x320.png 1024w\" sizes=\"(max-width: 1195px) 100vw, 1195px\" \/><\/a><\/p>\n","protected":false},"excerpt":{"rendered":"<p>Wer steckt dahinter? Der Verein wurde am 05.09.1991 gegr\u00fcndet und ist im Vereinsregister beim Amtsgericht Mettmann als lfd. Nr. 713 eingetragen. Zentrale Themen des Vereinslebens sind der Museumsbetrieb, das Archiv, die Fahrzeugausstellung und die Durchf\u00fchrung von Veranstaltungen zum Unterhalt des<a class=\"more-link\" href=\"https:\/\/www.lokschuppen-hochdahl.de\/wordpress\/museum\/der-verein\/\" title=\"Der Verein\"><span>Mehr<\/span><\/a><\/p>\n","protected":false},"author":1,"featured_media":0,"parent":417,"menu_order":0,"comment_status":"closed","ping_status":"closed","template":"","meta":[],"_links":{"self":[{"href":"https:\/\/www.lokschuppen-hochdahl.de\/wordpress\/wp-json\/wp\/v2\/pages\/478"}],"collection":[{"href":"https:\/\/www.lokschuppen-hochdahl.de\/wordpress\/wp-json\/wp\/v2\/pages"}],"about":[{"href":"https:\/\/www.lokschuppen-hochdahl.de\/wordpress\/wp-json\/wp\/v2\/types\/page"}],"author":[{"embeddable":true,"href":"https:\/\/www.lokschuppen-hochdahl.de\/wordpress\/wp-json\/wp\/v2\/users\/1"}],"replies":[{"embeddable":true,"href":"https:\/\/www.lokschuppen-hochdahl.de\/wordpress\/wp-json\/wp\/v2\/comments?post=478"}],"version-history":[{"count":19,"href":"https:\/\/www.lokschuppen-hochdahl.de\/wordpress\/wp-json\/wp\/v2\/pages\/478\/revisions"}],"predecessor-version":[{"id":2987,"href":"https:\/\/www.lokschuppen-hochdahl.de\/wordpress\/wp-json\/wp\/v2\/pages\/478\/revisions\/2987"}],"up":[{"embeddable":true,"href":"https:\/\/www.lokschuppen-hochdahl.de\/wordpress\/wp-json\/wp\/v2\/pages\/417"}],"wp:attachment":[{"href":"https:\/\/www.lokschuppen-hochdahl.de\/wordpress\/wp-json\/wp\/v2\/media?parent=478"}],"curies":[{"name":"wp","href":"https:\/\/api.w.org\/{rel}","templated":true}]}}