{"id":439,"date":"2016-10-28T17:26:34","date_gmt":"2016-10-28T15:26:34","guid":{"rendered":"http:\/\/www.lokschuppen-hochdahl.de\/wordpress\/?page_id=439"},"modified":"2019-10-01T12:03:15","modified_gmt":"2019-10-01T10:03:15","slug":"vermietung","status":"publish","type":"page","link":"https:\/\/www.lokschuppen-hochdahl.de\/wordpress\/contact-us\/vermietung\/","title":{"rendered":"Vermietung"},"content":{"rendered":"<h3>Ein Schuppen f\u00fcr alle F\u00e4lle!<\/h3>\n<p>Sie m\u00f6chten stilvoll eine private Feier veranstalten? Sie suchen eine Location f\u00fcr Ihr Firmen kick-off? Sie planen eine eigene Ausstellung? <strong>Hier sind Sie richtig!<\/strong><\/p>\n<p>Der Lokschuppen bietet f\u00fcr alle Gelegenheiten den ansprechenden Rahmen. Lassen sich sich ein unverbindliches Angebot von <a href=\"http:\/\/www.restaurantolive.de\/\">Hopmann\u00b4s Olive<\/a> machen und dort erfahren Sie auch, ob Ihr Wunschtermin noch frei ist.<\/p>\n<p>Tel. 02104-803632 oder <a href=\"info@hopmannsolive.de\">info@hopmannsolive.de<\/a>!<\/p>\n<p><!--more--><\/p>\n<div id='gallery-1' class='gallery galleryid-439 gallery-columns-4 gallery-size-medium'><figure class='gallery-item'>\n\t\t\t<div class='gallery-icon landscape'>\n\t\t\t\t<img width=\"300\" height=\"225\" src=\"https:\/\/www.lokschuppen-hochdahl.de\/wordpress\/wp-content\/uploads\/2016\/10\/LOKart_01-300x225.jpg\" class=\"attachment-medium size-medium\" alt=\"\" loading=\"lazy\" srcset=\"https:\/\/www.lokschuppen-hochdahl.de\/wordpress\/wp-content\/uploads\/2016\/10\/LOKart_01-300x225.jpg 300w, https:\/\/www.lokschuppen-hochdahl.de\/wordpress\/wp-content\/uploads\/2016\/10\/LOKart_01.jpg 682w\" sizes=\"(max-width: 300px) 100vw, 300px\" \/>\n\t\t\t<\/div><\/figure><figure class='gallery-item'>\n\t\t\t<div class='gallery-icon landscape'>\n\t\t\t\t<img width=\"300\" height=\"200\" src=\"https:\/\/www.lokschuppen-hochdahl.de\/wordpress\/wp-content\/uploads\/2016\/10\/IMG_0396a_01-300x200.jpg\" class=\"attachment-medium size-medium\" alt=\"\" loading=\"lazy\" srcset=\"https:\/\/www.lokschuppen-hochdahl.de\/wordpress\/wp-content\/uploads\/2016\/10\/IMG_0396a_01-300x200.jpg 300w, https:\/\/www.lokschuppen-hochdahl.de\/wordpress\/wp-content\/uploads\/2016\/10\/IMG_0396a_01-768x511.jpg 768w, https:\/\/www.lokschuppen-hochdahl.de\/wordpress\/wp-content\/uploads\/2016\/10\/IMG_0396a_01-450x300.jpg 450w, https:\/\/www.lokschuppen-hochdahl.de\/wordpress\/wp-content\/uploads\/2016\/10\/IMG_0396a_01.jpg 800w\" sizes=\"(max-width: 300px) 100vw, 300px\" \/>\n\t\t\t<\/div><\/figure><figure class='gallery-item'>\n\t\t\t<div class='gallery-icon landscape'>\n\t\t\t\t<img width=\"300\" height=\"199\" src=\"https:\/\/www.lokschuppen-hochdahl.de\/wordpress\/wp-content\/uploads\/2016\/10\/IMG_0556_01-300x199.jpg\" class=\"attachment-medium size-medium\" alt=\"\" loading=\"lazy\" srcset=\"https:\/\/www.lokschuppen-hochdahl.de\/wordpress\/wp-content\/uploads\/2016\/10\/IMG_0556_01-300x199.jpg 300w, https:\/\/www.lokschuppen-hochdahl.de\/wordpress\/wp-content\/uploads\/2016\/10\/IMG_0556_01-450x300.jpg 450w, https:\/\/www.lokschuppen-hochdahl.de\/wordpress\/wp-content\/uploads\/2016\/10\/IMG_0556_01.jpg 567w\" sizes=\"(max-width: 300px) 100vw, 300px\" \/>\n\t\t\t<\/div><\/figure><figure class='gallery-item'>\n\t\t\t<div class='gallery-icon landscape'>\n\t\t\t\t<img width=\"300\" height=\"200\" src=\"https:\/\/www.lokschuppen-hochdahl.de\/wordpress\/wp-content\/uploads\/2016\/10\/IMG_3335-300x200.jpg\" class=\"attachment-medium size-medium\" alt=\"\" loading=\"lazy\" srcset=\"https:\/\/www.lokschuppen-hochdahl.de\/wordpress\/wp-content\/uploads\/2016\/10\/IMG_3335-300x200.jpg 300w, https:\/\/www.lokschuppen-hochdahl.de\/wordpress\/wp-content\/uploads\/2016\/10\/IMG_3335-768x512.jpg 768w, https:\/\/www.lokschuppen-hochdahl.de\/wordpress\/wp-content\/uploads\/2016\/10\/IMG_3335-450x300.jpg 450w, https:\/\/www.lokschuppen-hochdahl.de\/wordpress\/wp-content\/uploads\/2016\/10\/IMG_3335.jpg 800w\" sizes=\"(max-width: 300px) 100vw, 300px\" \/>\n\t\t\t<\/div><\/figure><figure class='gallery-item'>\n\t\t\t<div class='gallery-icon landscape'>\n\t\t\t\t<img width=\"300\" height=\"200\" src=\"https:\/\/www.lokschuppen-hochdahl.de\/wordpress\/wp-content\/uploads\/2016\/10\/IMG_3413-300x200.jpg\" class=\"attachment-medium size-medium\" alt=\"\" loading=\"lazy\" srcset=\"https:\/\/www.lokschuppen-hochdahl.de\/wordpress\/wp-content\/uploads\/2016\/10\/IMG_3413-300x200.jpg 300w, https:\/\/www.lokschuppen-hochdahl.de\/wordpress\/wp-content\/uploads\/2016\/10\/IMG_3413-768x512.jpg 768w, https:\/\/www.lokschuppen-hochdahl.de\/wordpress\/wp-content\/uploads\/2016\/10\/IMG_3413-450x300.jpg 450w, https:\/\/www.lokschuppen-hochdahl.de\/wordpress\/wp-content\/uploads\/2016\/10\/IMG_3413.jpg 800w\" sizes=\"(max-width: 300px) 100vw, 300px\" \/>\n\t\t\t<\/div><\/figure><figure class='gallery-item'>\n\t\t\t<div class='gallery-icon landscape'>\n\t\t\t\t<img width=\"300\" height=\"200\" src=\"https:\/\/www.lokschuppen-hochdahl.de\/wordpress\/wp-content\/uploads\/2016\/10\/IMG_4942-300x200.jpg\" class=\"attachment-medium size-medium\" alt=\"\" loading=\"lazy\" srcset=\"https:\/\/www.lokschuppen-hochdahl.de\/wordpress\/wp-content\/uploads\/2016\/10\/IMG_4942-300x200.jpg 300w, https:\/\/www.lokschuppen-hochdahl.de\/wordpress\/wp-content\/uploads\/2016\/10\/IMG_4942-768x512.jpg 768w, https:\/\/www.lokschuppen-hochdahl.de\/wordpress\/wp-content\/uploads\/2016\/10\/IMG_4942-450x300.jpg 450w, https:\/\/www.lokschuppen-hochdahl.de\/wordpress\/wp-content\/uploads\/2016\/10\/IMG_4942.jpg 800w\" sizes=\"(max-width: 300px) 100vw, 300px\" \/>\n\t\t\t<\/div><\/figure><figure class='gallery-item'>\n\t\t\t<div class='gallery-icon landscape'>\n\t\t\t\t<img width=\"300\" height=\"200\" src=\"https:\/\/www.lokschuppen-hochdahl.de\/wordpress\/wp-content\/uploads\/2016\/10\/IMG_4964-300x200.jpg\" class=\"attachment-medium size-medium\" alt=\"\" loading=\"lazy\" srcset=\"https:\/\/www.lokschuppen-hochdahl.de\/wordpress\/wp-content\/uploads\/2016\/10\/IMG_4964-300x200.jpg 300w, https:\/\/www.lokschuppen-hochdahl.de\/wordpress\/wp-content\/uploads\/2016\/10\/IMG_4964-768x512.jpg 768w, https:\/\/www.lokschuppen-hochdahl.de\/wordpress\/wp-content\/uploads\/2016\/10\/IMG_4964-450x300.jpg 450w, https:\/\/www.lokschuppen-hochdahl.de\/wordpress\/wp-content\/uploads\/2016\/10\/IMG_4964.jpg 800w\" sizes=\"(max-width: 300px) 100vw, 300px\" \/>\n\t\t\t<\/div><\/figure><figure class='gallery-item'>\n\t\t\t<div class='gallery-icon landscape'>\n\t\t\t\t<img width=\"300\" height=\"200\" src=\"https:\/\/www.lokschuppen-hochdahl.de\/wordpress\/wp-content\/uploads\/2016\/10\/IMG_5015-300x200.jpg\" class=\"attachment-medium size-medium\" alt=\"\" loading=\"lazy\" srcset=\"https:\/\/www.lokschuppen-hochdahl.de\/wordpress\/wp-content\/uploads\/2016\/10\/IMG_5015-300x200.jpg 300w, https:\/\/www.lokschuppen-hochdahl.de\/wordpress\/wp-content\/uploads\/2016\/10\/IMG_5015-768x512.jpg 768w, https:\/\/www.lokschuppen-hochdahl.de\/wordpress\/wp-content\/uploads\/2016\/10\/IMG_5015-450x300.jpg 450w, https:\/\/www.lokschuppen-hochdahl.de\/wordpress\/wp-content\/uploads\/2016\/10\/IMG_5015.jpg 800w\" sizes=\"(max-width: 300px) 100vw, 300px\" \/>\n\t\t\t<\/div><\/figure>\n\t\t<\/div>\n\n","protected":false},"excerpt":{"rendered":"<p>Ein Schuppen f\u00fcr alle F\u00e4lle! Sie m\u00f6chten stilvoll eine private Feier veranstalten? Sie suchen eine Location f\u00fcr Ihr Firmen kick-off? Sie planen eine eigene Ausstellung? Hier sind Sie richtig! Der Lokschuppen bietet f\u00fcr alle Gelegenheiten den ansprechenden Rahmen. Lassen sich<a class=\"more-link\" href=\"https:\/\/www.lokschuppen-hochdahl.de\/wordpress\/contact-us\/vermietung\/\" title=\"Vermietung\"><span>Mehr<\/span><\/a><\/p>\n","protected":false},"author":1,"featured_media":0,"parent":30,"menu_order":0,"comment_status":"closed","ping_status":"closed","template":"","meta":[],"_links":{"self":[{"href":"https:\/\/www.lokschuppen-hochdahl.de\/wordpress\/wp-json\/wp\/v2\/pages\/439"}],"collection":[{"href":"https:\/\/www.lokschuppen-hochdahl.de\/wordpress\/wp-json\/wp\/v2\/pages"}],"about":[{"href":"https:\/\/www.lokschuppen-hochdahl.de\/wordpress\/wp-json\/wp\/v2\/types\/page"}],"author":[{"embeddable":true,"href":"https:\/\/www.lokschuppen-hochdahl.de\/wordpress\/wp-json\/wp\/v2\/users\/1"}],"replies":[{"embeddable":true,"href":"https:\/\/www.lokschuppen-hochdahl.de\/wordpress\/wp-json\/wp\/v2\/comments?post=439"}],"version-history":[{"count":3,"href":"https:\/\/www.lokschuppen-hochdahl.de\/wordpress\/wp-json\/wp\/v2\/pages\/439\/revisions"}],"predecessor-version":[{"id":677,"href":"https:\/\/www.lokschuppen-hochdahl.de\/wordpress\/wp-json\/wp\/v2\/pages\/439\/revisions\/677"}],"up":[{"embeddable":true,"href":"https:\/\/www.lokschuppen-hochdahl.de\/wordpress\/wp-json\/wp\/v2\/pages\/30"}],"wp:attachment":[{"href":"https:\/\/www.lokschuppen-hochdahl.de\/wordpress\/wp-json\/wp\/v2\/media?parent=439"}],"curies":[{"name":"wp","href":"https:\/\/api.w.org\/{rel}","templated":true}]}}