{"id":417,"date":"2016-10-28T16:58:19","date_gmt":"2016-10-28T14:58:19","guid":{"rendered":"http:\/\/www.lokschuppen-hochdahl.de\/wordpress\/?page_id=417"},"modified":"2019-10-01T12:03:15","modified_gmt":"2019-10-01T10:03:15","slug":"museum","status":"publish","type":"page","link":"https:\/\/www.lokschuppen-hochdahl.de\/wordpress\/museum\/","title":{"rendered":"Museum"},"content":{"rendered":"<h3>Museen gibt es eigentlich genug, werden Sie denken &#8230;&#8230;<\/h3>\n<div id='gallery-1' class='gallery galleryid-417 gallery-columns-3 gallery-size-medium'><figure class='gallery-item'>\n\t\t\t<div class='gallery-icon landscape'>\n\t\t\t\t<a data-description='' title='seilzug' href='https:\/\/www.lokschuppen-hochdahl.de\/wordpress\/wp-content\/uploads\/2016\/10\/seilzug.jpg'><img width=\"300\" height=\"199\" src=\"https:\/\/www.lokschuppen-hochdahl.de\/wordpress\/wp-content\/uploads\/2016\/10\/seilzug-300x199.jpg\" class=\"attachment-medium size-medium\" alt=\"\" loading=\"lazy\" srcset=\"https:\/\/www.lokschuppen-hochdahl.de\/wordpress\/wp-content\/uploads\/2016\/10\/seilzug-300x199.jpg 300w, https:\/\/www.lokschuppen-hochdahl.de\/wordpress\/wp-content\/uploads\/2016\/10\/seilzug-450x300.jpg 450w, https:\/\/www.lokschuppen-hochdahl.de\/wordpress\/wp-content\/uploads\/2016\/10\/seilzug.jpg 640w\" sizes=\"(max-width: 300px) 100vw, 300px\" \/><\/a>\n\t\t\t<\/div><\/figure><figure class='gallery-item'>\n\t\t\t<div class='gallery-icon landscape'>\n\t\t\t\t<a data-description='' title='rumfahren' href='https:\/\/www.lokschuppen-hochdahl.de\/wordpress\/wp-content\/uploads\/2016\/10\/rumfahren.jpg'><img width=\"300\" height=\"225\" src=\"https:\/\/www.lokschuppen-hochdahl.de\/wordpress\/wp-content\/uploads\/2016\/10\/rumfahren-300x225.jpg\" class=\"attachment-medium size-medium\" alt=\"\" loading=\"lazy\" srcset=\"https:\/\/www.lokschuppen-hochdahl.de\/wordpress\/wp-content\/uploads\/2016\/10\/rumfahren-300x225.jpg 300w, https:\/\/www.lokschuppen-hochdahl.de\/wordpress\/wp-content\/uploads\/2016\/10\/rumfahren.jpg 640w\" sizes=\"(max-width: 300px) 100vw, 300px\" \/><\/a>\n\t\t\t<\/div><\/figure><figure class='gallery-item'>\n\t\t\t<div class='gallery-icon landscape'>\n\t\t\t\t<a data-description='' title='lokschuppen_front_02' href='https:\/\/www.lokschuppen-hochdahl.de\/wordpress\/wp-content\/uploads\/2016\/10\/lokschuppen_front_02.jpg'><img width=\"300\" height=\"199\" src=\"https:\/\/www.lokschuppen-hochdahl.de\/wordpress\/wp-content\/uploads\/2016\/10\/lokschuppen_front_02-300x199.jpg\" class=\"attachment-medium size-medium\" alt=\"\" loading=\"lazy\" srcset=\"https:\/\/www.lokschuppen-hochdahl.de\/wordpress\/wp-content\/uploads\/2016\/10\/lokschuppen_front_02-300x199.jpg 300w, https:\/\/www.lokschuppen-hochdahl.de\/wordpress\/wp-content\/uploads\/2016\/10\/lokschuppen_front_02-450x300.jpg 450w, https:\/\/www.lokschuppen-hochdahl.de\/wordpress\/wp-content\/uploads\/2016\/10\/lokschuppen_front_02.jpg 640w\" sizes=\"(max-width: 300px) 100vw, 300px\" \/><\/a>\n\t\t\t<\/div><\/figure>\n\t\t<\/div>\n\n<p>Dieses Museum ist in einem Lokschuppen untergebracht, der zus\u00e4tzlich auch f\u00fcr <a href=\"https:\/\/www.lokschuppen-hochdahl.de\/wordpress\/veranstaltungen\/\">Veranstaltungen<\/a> anderer Art (Kunstausstellungen, Jazz- und Klassikkonzerte) genutzt werden kann.<\/p>\n<p>Er ist ein Relikt aus der Epoche der Privateisenbahnen und stammt aus der Zeit, als noch Z\u00fcge der Bergisch-M\u00e4rkischen Eisenbahn (1843-1886) auf dieser Strecke fuhren &#8230;<\/p>\n<p>Apropos Strecke, die Verbindung von D\u00fcsseldorf nach Elberfeld (heute Wuppertal Hbf) befuhr die erste Eisenbahn in Westdeutschland. Ein Teilst\u00fcck bis Erkrath wurde bereits am 20.12.1838 in Betrieb genommen. Im weiteren Verlauf war eine f\u00fcr Lokomotiven der damaligen Zeit fast un\u00fcberwindliche Steigung zwischen der Rheinebene (Erkrath) und dem beginnenden Bergischen Land (Hochdahl) zu \u00fcberwinden.<\/p>\n<p>Auf ca. 2500 m L\u00e4nge war dies ein H\u00f6henunterschied von ca. 82 m. Dies konnte nur mit technischen Meisterleistungen der Ingenieure bew\u00e4ltigt werden. Eine Seilzuganlage, die erst mit einer Dampfmaschine, sp\u00e4ter allein mit Umlenkrollen betrieben wurde, erm\u00f6glichte bis 1926 den Zugbetrieb. Bis 1963 wurde den Dampfz\u00fcgen mit Vorspann- und Schiebelokomotiven geholfen, die Steilrampe zu \u00fcberwinden, danach schafften es Elektroloks fast problemlos alleine.<\/p>\n<p>Nicht langweilig, nur in Wort und Bild, nein, Sie k\u00f6nnen auch h\u00f6ren oder anfassen. Erg\u00e4nzt wird das Museum durch ein Restaurant mit Biergarten, einen Kinderspielplatz und einen Au\u00dfenbereich mit einer Fahrzeugausstellung.<\/p>\n<p>Hier ist ein neuer Begegnungs- und Veranstaltungsort f\u00fcr den Kreis Mettmann und die angrenzenden St\u00e4dte D\u00fcsseldorf und Wuppertal entstanden.<\/p>\n","protected":false},"excerpt":{"rendered":"<p>Museen gibt es eigentlich genug, werden Sie denken &#8230;&#8230; Dieses Museum ist in einem Lokschuppen untergebracht, der zus\u00e4tzlich auch f\u00fcr Veranstaltungen anderer Art (Kunstausstellungen, Jazz- und Klassikkonzerte) genutzt werden kann. Er ist ein Relikt aus der Epoche der Privateisenbahnen und<a class=\"more-link\" href=\"https:\/\/www.lokschuppen-hochdahl.de\/wordpress\/museum\/\" title=\"Museum\"><span>Mehr<\/span><\/a><\/p>\n","protected":false},"author":1,"featured_media":418,"parent":0,"menu_order":0,"comment_status":"closed","ping_status":"closed","template":"","meta":[],"_links":{"self":[{"href":"https:\/\/www.lokschuppen-hochdahl.de\/wordpress\/wp-json\/wp\/v2\/pages\/417"}],"collection":[{"href":"https:\/\/www.lokschuppen-hochdahl.de\/wordpress\/wp-json\/wp\/v2\/pages"}],"about":[{"href":"https:\/\/www.lokschuppen-hochdahl.de\/wordpress\/wp-json\/wp\/v2\/types\/page"}],"author":[{"embeddable":true,"href":"https:\/\/www.lokschuppen-hochdahl.de\/wordpress\/wp-json\/wp\/v2\/users\/1"}],"replies":[{"embeddable":true,"href":"https:\/\/www.lokschuppen-hochdahl.de\/wordpress\/wp-json\/wp\/v2\/comments?post=417"}],"version-history":[{"count":6,"href":"https:\/\/www.lokschuppen-hochdahl.de\/wordpress\/wp-json\/wp\/v2\/pages\/417\/revisions"}],"predecessor-version":[{"id":969,"href":"https:\/\/www.lokschuppen-hochdahl.de\/wordpress\/wp-json\/wp\/v2\/pages\/417\/revisions\/969"}],"wp:featuredmedia":[{"embeddable":true,"href":"https:\/\/www.lokschuppen-hochdahl.de\/wordpress\/wp-json\/wp\/v2\/media\/418"}],"wp:attachment":[{"href":"https:\/\/www.lokschuppen-hochdahl.de\/wordpress\/wp-json\/wp\/v2\/media?parent=417"}],"curies":[{"name":"wp","href":"https:\/\/api.w.org\/{rel}","templated":true}]}}