{"id":1981,"date":"2019-07-15T19:16:41","date_gmt":"2019-07-15T17:16:41","guid":{"rendered":"http:\/\/www.lokschuppen-hochdahl.de\/wordpress\/?page_id=1981"},"modified":"2019-10-01T12:03:15","modified_gmt":"2019-10-01T10:03:15","slug":"aktivitaeten","status":"publish","type":"page","link":"https:\/\/www.lokschuppen-hochdahl.de\/wordpress\/aktivitaeten\/","title":{"rendered":"Aktivit\u00e4ten"},"content":{"rendered":"<p>Folgende Aktivit\u00e4ten bietet das Eisenbahn- und Heimatmuseum Erkrath-Hochdahl an<\/p>\n<ul>\n<li>Pers\u00f6nliche F\u00fchrungen<br \/>\nGerne zeigen wir Ihnen alles im und rund um den Lokschuppen. Wir erkl\u00e4ren, warum in Hochdahl ein Lokschuppen steht und welche Geschichte beispielsweise unsere Fahrzeuge haben. Sowohl die etwas \u00e4ltere wie die neuere Eisenbahntechnik zeigen wir Ihnen in unserem Schottereck bzw. an der historischen Fahrkartenausgabe. Spannend f\u00fcr viele ist ebenfalls die Verkn\u00fcfung der Eisenbahn mit der Entwicklung Hochdahls.<br \/>\nUnsere F\u00fchrungen gestalten wir auf Sie zugeschnitten. Ob klein oder gro\u00df, ob wenig oder viel Zeit, ob Laie und interessierter Eisenbahnfreak &#8211; Wir stellen uns auf jeden ein und bieten jedem das Passende.<\/li>\n<\/ul>\n<div id='gallery-1' class='gallery galleryid-1981 gallery-columns-3 gallery-size-medium'><figure class='gallery-item'>\n\t\t\t<div class='gallery-icon landscape'>\n\t\t\t\t<a data-description='' title='20170928_neandertours 3' href='https:\/\/www.lokschuppen-hochdahl.de\/wordpress\/wp-content\/uploads\/2017\/09\/20170928_neandertours-3.jpg'><img width=\"300\" height=\"169\" src=\"https:\/\/www.lokschuppen-hochdahl.de\/wordpress\/wp-content\/uploads\/2017\/09\/20170928_neandertours-3-300x169.jpg\" class=\"attachment-medium size-medium\" alt=\"\" loading=\"lazy\" aria-describedby=\"gallery-1-1145\" srcset=\"https:\/\/www.lokschuppen-hochdahl.de\/wordpress\/wp-content\/uploads\/2017\/09\/20170928_neandertours-3-300x169.jpg 300w, https:\/\/www.lokschuppen-hochdahl.de\/wordpress\/wp-content\/uploads\/2017\/09\/20170928_neandertours-3-768x432.jpg 768w, https:\/\/www.lokschuppen-hochdahl.de\/wordpress\/wp-content\/uploads\/2017\/09\/20170928_neandertours-3-1024x576.jpg 1024w\" sizes=\"(max-width: 300px) 100vw, 300px\" \/><\/a>\n\t\t\t<\/div>\n\t\t\t\t<figcaption class='wp-caption-text gallery-caption' id='gallery-1-1145'>\n\t\t\t\tErkl\u00e4rungen am Bahnsteig\n\t\t\t\t<\/figcaption><\/figure><figure class='gallery-item'>\n\t\t\t<div class='gallery-icon landscape'>\n\t\t\t\t<a data-description='' title='20170928_neandertours 1' href='https:\/\/www.lokschuppen-hochdahl.de\/wordpress\/wp-content\/uploads\/2017\/09\/20170928_neandertours-1.jpg'><img width=\"300\" height=\"169\" src=\"https:\/\/www.lokschuppen-hochdahl.de\/wordpress\/wp-content\/uploads\/2017\/09\/20170928_neandertours-1-300x169.jpg\" class=\"attachment-medium size-medium\" alt=\"\" loading=\"lazy\" aria-describedby=\"gallery-1-1144\" srcset=\"https:\/\/www.lokschuppen-hochdahl.de\/wordpress\/wp-content\/uploads\/2017\/09\/20170928_neandertours-1-300x169.jpg 300w, https:\/\/www.lokschuppen-hochdahl.de\/wordpress\/wp-content\/uploads\/2017\/09\/20170928_neandertours-1-768x432.jpg 768w, https:\/\/www.lokschuppen-hochdahl.de\/wordpress\/wp-content\/uploads\/2017\/09\/20170928_neandertours-1-1024x576.jpg 1024w\" sizes=\"(max-width: 300px) 100vw, 300px\" \/><\/a>\n\t\t\t<\/div>\n\t\t\t\t<figcaption class='wp-caption-text gallery-caption' id='gallery-1-1144'>\n\t\t\t\tF\u00fchrung \u00fcber das Gel\u00e4nde\n\t\t\t\t<\/figcaption><\/figure>\n\t\t<\/div>\n\n<ul>\n<li>Perfekte Fotos in einer Eisenbahnumgebung<br \/>\nUnsere Fahrzeuge und viele Eisenbahndetails sowie typischen Kleinigkeiten sind bestens f\u00fcr eine Fotokulisse geeignet. F\u00fcr Hochzeiten, Fotoshootings, Filmaufnahmen oder als Karnevalshintergrund &#8211; individuell passend richten wir uns nach Ihren W\u00fcnschen.<\/li>\n<\/ul>\n<div id='gallery-2' class='gallery galleryid-1981 gallery-columns-2 gallery-size-medium'><figure class='gallery-item'>\n\t\t\t<div class='gallery-icon landscape'>\n\t\t\t\t<a data-description='' title='Aufstellen zum Gruppenbild' href='https:\/\/www.lokschuppen-hochdahl.de\/wordpress\/wp-content\/uploads\/2018\/01\/Aufstellen-zum-Gruppenbild.jpg'><img width=\"300\" height=\"169\" src=\"https:\/\/www.lokschuppen-hochdahl.de\/wordpress\/wp-content\/uploads\/2018\/01\/Aufstellen-zum-Gruppenbild-300x169.jpg\" class=\"attachment-medium size-medium\" alt=\"\" loading=\"lazy\" aria-describedby=\"gallery-2-1418\" srcset=\"https:\/\/www.lokschuppen-hochdahl.de\/wordpress\/wp-content\/uploads\/2018\/01\/Aufstellen-zum-Gruppenbild-300x169.jpg 300w, https:\/\/www.lokschuppen-hochdahl.de\/wordpress\/wp-content\/uploads\/2018\/01\/Aufstellen-zum-Gruppenbild-768x432.jpg 768w, https:\/\/www.lokschuppen-hochdahl.de\/wordpress\/wp-content\/uploads\/2018\/01\/Aufstellen-zum-Gruppenbild-1024x576.jpg 1024w\" sizes=\"(max-width: 300px) 100vw, 300px\" \/><\/a>\n\t\t\t<\/div>\n\t\t\t\t<figcaption class='wp-caption-text gallery-caption' id='gallery-2-1418'>\n\t\t\t\tAufstellen zum Jubeln\n\t\t\t\t<\/figcaption><\/figure><figure class='gallery-item'>\n\t\t\t<div class='gallery-icon landscape'>\n\t\t\t\t<a data-description='' title='rundgang_18' href='https:\/\/www.lokschuppen-hochdahl.de\/wordpress\/wp-content\/uploads\/2017\/05\/rundgang_18.jpg'><img width=\"300\" height=\"169\" src=\"https:\/\/www.lokschuppen-hochdahl.de\/wordpress\/wp-content\/uploads\/2017\/05\/rundgang_18-300x169.jpg\" class=\"attachment-medium size-medium\" alt=\"\" loading=\"lazy\" aria-describedby=\"gallery-2-1076\" srcset=\"https:\/\/www.lokschuppen-hochdahl.de\/wordpress\/wp-content\/uploads\/2017\/05\/rundgang_18-300x169.jpg 300w, https:\/\/www.lokschuppen-hochdahl.de\/wordpress\/wp-content\/uploads\/2017\/05\/rundgang_18-768x432.jpg 768w, https:\/\/www.lokschuppen-hochdahl.de\/wordpress\/wp-content\/uploads\/2017\/05\/rundgang_18-1024x576.jpg 1024w, https:\/\/www.lokschuppen-hochdahl.de\/wordpress\/wp-content\/uploads\/2017\/05\/rundgang_18.jpg 1200w\" sizes=\"(max-width: 300px) 100vw, 300px\" \/><\/a>\n\t\t\t<\/div>\n\t\t\t\t<figcaption class='wp-caption-text gallery-caption' id='gallery-2-1076'>\n\t\t\t\tdie wei\u00dfe Dame l\u00e4sst gr\u00fc\u00dfen\n\t\t\t\t<\/figcaption><\/figure><figure class='gallery-item'>\n\t\t\t<div class='gallery-icon landscape'>\n\t\t\t\t<a data-description='' title='Westerw\u00e4lder 2' href='https:\/\/www.lokschuppen-hochdahl.de\/wordpress\/wp-content\/uploads\/2018\/01\/Westerw\u00e4lder-2.jpg'><img width=\"300\" height=\"200\" src=\"https:\/\/www.lokschuppen-hochdahl.de\/wordpress\/wp-content\/uploads\/2018\/01\/Westerw\u00e4lder-2-300x200.jpg\" class=\"attachment-medium size-medium\" alt=\"\" loading=\"lazy\" aria-describedby=\"gallery-2-1407\" srcset=\"https:\/\/www.lokschuppen-hochdahl.de\/wordpress\/wp-content\/uploads\/2018\/01\/Westerw\u00e4lder-2-300x200.jpg 300w, https:\/\/www.lokschuppen-hochdahl.de\/wordpress\/wp-content\/uploads\/2018\/01\/Westerw\u00e4lder-2-768x512.jpg 768w, https:\/\/www.lokschuppen-hochdahl.de\/wordpress\/wp-content\/uploads\/2018\/01\/Westerw\u00e4lder-2-1024x683.jpg 1024w, https:\/\/www.lokschuppen-hochdahl.de\/wordpress\/wp-content\/uploads\/2018\/01\/Westerw\u00e4lder-2-450x300.jpg 450w, https:\/\/www.lokschuppen-hochdahl.de\/wordpress\/wp-content\/uploads\/2018\/01\/Westerw\u00e4lder-2-272x182.jpg 272w\" sizes=\"(max-width: 300px) 100vw, 300px\" \/><\/a>\n\t\t\t<\/div>\n\t\t\t\t<figcaption class='wp-caption-text gallery-caption' id='gallery-2-1407'>\n\t\t\t\tF\u00fchrung im Lokschuppen (Foto: Th. Krause)\n\t\t\t\t<\/figcaption><\/figure><figure class='gallery-item'>\n\t\t\t<div class='gallery-icon landscape'>\n\t\t\t\t<a data-description='' title='fc6a84deed[1]' href='https:\/\/www.lokschuppen-hochdahl.de\/wordpress\/wp-content\/uploads\/2017\/01\/fc6a84deed1.jpg'><img width=\"300\" height=\"169\" src=\"https:\/\/www.lokschuppen-hochdahl.de\/wordpress\/wp-content\/uploads\/2017\/01\/fc6a84deed1-300x169.jpg\" class=\"attachment-medium size-medium\" alt=\"\" loading=\"lazy\" aria-describedby=\"gallery-2-588\" srcset=\"https:\/\/www.lokschuppen-hochdahl.de\/wordpress\/wp-content\/uploads\/2017\/01\/fc6a84deed1-300x169.jpg 300w, https:\/\/www.lokschuppen-hochdahl.de\/wordpress\/wp-content\/uploads\/2017\/01\/fc6a84deed1-768x432.jpg 768w, https:\/\/www.lokschuppen-hochdahl.de\/wordpress\/wp-content\/uploads\/2017\/01\/fc6a84deed1.jpg 800w\" sizes=\"(max-width: 300px) 100vw, 300px\" \/><\/a>\n\t\t\t<\/div>\n\t\t\t\t<figcaption class='wp-caption-text gallery-caption' id='gallery-2-588'>\n\t\t\t\tVintage-Aufnahmen\n\t\t\t\t<\/figcaption><\/figure>\n\t\t<\/div>\n\n<ul>\n<li>Vortr\u00e4ge<br \/>\nIm Rahmen von Vortr\u00e4ge erl\u00e4utern wir gern die regionale Eisenbahngeschichte. Dies betrifft Themen zur Eisenbahn in D\u00fcsseldorf, zur Geschichte des D\u00fcsseldorfer Hauptbahnhofs, zur Steilstrecke, zum Bw Vohwinkel, zur Regiobahn, zum Bahnhof Neanderthal oder \u00fcber Nostalgiez\u00fcge nach Dornap-Hahnenfurt.<br \/>\nDie Vortr\u00e4ge halten wir nicht nur im Lokschuppen sondern kommen auch gerne zu Ihnen.<\/li>\n<\/ul>\n<ul>\n<li>Fahrten mit einer Draisine<br \/>\nUnsere Draisine ist startklar f\u00fcr Ihre individuellen Fahrten auf unserem kleinen Gleisabschnitt.<\/li>\n<\/ul>\n<div id='gallery-3' class='gallery galleryid-1981 gallery-columns-3 gallery-size-medium'><figure class='gallery-item'>\n\t\t\t<div class='gallery-icon landscape'>\n\t\t\t\t<a data-description='' title='gleich gehts los' href='https:\/\/www.lokschuppen-hochdahl.de\/wordpress\/wp-content\/uploads\/2019\/07\/gleich-gehts-los.jpg'><img width=\"300\" height=\"200\" src=\"https:\/\/www.lokschuppen-hochdahl.de\/wordpress\/wp-content\/uploads\/2019\/07\/gleich-gehts-los-300x200.jpg\" class=\"attachment-medium size-medium\" alt=\"\" loading=\"lazy\" aria-describedby=\"gallery-3-2004\" srcset=\"https:\/\/www.lokschuppen-hochdahl.de\/wordpress\/wp-content\/uploads\/2019\/07\/gleich-gehts-los-300x200.jpg 300w, https:\/\/www.lokschuppen-hochdahl.de\/wordpress\/wp-content\/uploads\/2019\/07\/gleich-gehts-los-768x512.jpg 768w, https:\/\/www.lokschuppen-hochdahl.de\/wordpress\/wp-content\/uploads\/2019\/07\/gleich-gehts-los-1024x683.jpg 1024w, https:\/\/www.lokschuppen-hochdahl.de\/wordpress\/wp-content\/uploads\/2019\/07\/gleich-gehts-los-450x300.jpg 450w, https:\/\/www.lokschuppen-hochdahl.de\/wordpress\/wp-content\/uploads\/2019\/07\/gleich-gehts-los-272x182.jpg 272w\" sizes=\"(max-width: 300px) 100vw, 300px\" \/><\/a>\n\t\t\t<\/div>\n\t\t\t\t<figcaption class='wp-caption-text gallery-caption' id='gallery-3-2004'>\n\t\t\t\tkurz vor dem Start\n\t\t\t\t<\/figcaption><\/figure><figure class='gallery-item'>\n\t\t\t<div class='gallery-icon portrait'>\n\t\t\t\t<a data-description='' title='Draisine 3' href='https:\/\/www.lokschuppen-hochdahl.de\/wordpress\/wp-content\/uploads\/2017\/06\/Draisine-3-e1497821676914.jpg'><img width=\"169\" height=\"300\" src=\"https:\/\/www.lokschuppen-hochdahl.de\/wordpress\/wp-content\/uploads\/2017\/06\/Draisine-3-e1497821676914-169x300.jpg\" class=\"attachment-medium size-medium\" alt=\"\" loading=\"lazy\" aria-describedby=\"gallery-3-1009\" srcset=\"https:\/\/www.lokschuppen-hochdahl.de\/wordpress\/wp-content\/uploads\/2017\/06\/Draisine-3-e1497821676914-169x300.jpg 169w, https:\/\/www.lokschuppen-hochdahl.de\/wordpress\/wp-content\/uploads\/2017\/06\/Draisine-3-e1497821676914-768x1365.jpg 768w, https:\/\/www.lokschuppen-hochdahl.de\/wordpress\/wp-content\/uploads\/2017\/06\/Draisine-3-e1497821676914-576x1024.jpg 576w\" sizes=\"(max-width: 169px) 100vw, 169px\" \/><\/a>\n\t\t\t<\/div>\n\t\t\t\t<figcaption class='wp-caption-text gallery-caption' id='gallery-3-1009'>\n\t\t\t\tam Bahnsteig geparkt\n\t\t\t\t<\/figcaption><\/figure>\n\t\t<\/div>\n\n<p style=\"padding-left: 30px;\">Es wird ein Gleisabschnitt befahren, um einen Koffer an einer bestimmten Stelle abzuholen. Der Koffer muss mit der Draisine zum Ziel transportiert werden. Nach Befahren des ersten Teilst\u00fccks muss eine Person des Teams eine Weiche umlegen, damit auf der R\u00fcckfahrt das Nachbargleis befahren wird. Das Team sollte aus vier bis f\u00fcnf Personen bestehen.<\/p>\n<ul>\n<li>Schienens\u00e4gen<br \/>\nM\u00f6chten Sie einmal ausprobieren, wie fr\u00fcher Schienen ges\u00e4gt wurden? Bei uns k\u00f6nnen Sie das. Wir haben extra ein neues S\u00e4geblatt eingesetzt.<\/li>\n<\/ul>\n<div id='gallery-4' class='gallery galleryid-1981 gallery-columns-3 gallery-size-medium'><figure class='gallery-item'>\n\t\t\t<div class='gallery-icon landscape'>\n\t\t\t\t<a data-description='' title='58377207_2466615876695513_2124542780268085248_n' href='https:\/\/www.lokschuppen-hochdahl.de\/wordpress\/wp-content\/uploads\/2019\/07\/58377207_2466615876695513_2124542780268085248_n.jpg'><img width=\"300\" height=\"225\" src=\"https:\/\/www.lokschuppen-hochdahl.de\/wordpress\/wp-content\/uploads\/2019\/07\/58377207_2466615876695513_2124542780268085248_n-300x225.jpg\" class=\"attachment-medium size-medium\" alt=\"\" loading=\"lazy\" aria-describedby=\"gallery-4-2043\" srcset=\"https:\/\/www.lokschuppen-hochdahl.de\/wordpress\/wp-content\/uploads\/2019\/07\/58377207_2466615876695513_2124542780268085248_n-300x225.jpg 300w, https:\/\/www.lokschuppen-hochdahl.de\/wordpress\/wp-content\/uploads\/2019\/07\/58377207_2466615876695513_2124542780268085248_n-768x576.jpg 768w, https:\/\/www.lokschuppen-hochdahl.de\/wordpress\/wp-content\/uploads\/2019\/07\/58377207_2466615876695513_2124542780268085248_n.jpg 960w\" sizes=\"(max-width: 300px) 100vw, 300px\" \/><\/a>\n\t\t\t<\/div>\n\t\t\t\t<figcaption class='wp-caption-text gallery-caption' id='gallery-4-2043'>\n\t\t\t\tunsere Schienens\u00e4ge\n\t\t\t\t<\/figcaption><\/figure><figure class='gallery-item'>\n\t\t\t<div class='gallery-icon landscape'>\n\t\t\t\t<a data-description='' title='Schienens\u00e4ge' href='https:\/\/www.lokschuppen-hochdahl.de\/wordpress\/wp-content\/uploads\/2019\/07\/Schienens\u00e4ge.jpg'><img width=\"300\" height=\"262\" src=\"https:\/\/www.lokschuppen-hochdahl.de\/wordpress\/wp-content\/uploads\/2019\/07\/Schienens\u00e4ge-300x262.jpg\" class=\"attachment-medium size-medium\" alt=\"\" loading=\"lazy\" aria-describedby=\"gallery-4-2044\" srcset=\"https:\/\/www.lokschuppen-hochdahl.de\/wordpress\/wp-content\/uploads\/2019\/07\/Schienens\u00e4ge-300x262.jpg 300w, https:\/\/www.lokschuppen-hochdahl.de\/wordpress\/wp-content\/uploads\/2019\/07\/Schienens\u00e4ge-768x670.jpg 768w, https:\/\/www.lokschuppen-hochdahl.de\/wordpress\/wp-content\/uploads\/2019\/07\/Schienens\u00e4ge-1024x894.jpg 1024w\" sizes=\"(max-width: 300px) 100vw, 300px\" \/><\/a>\n\t\t\t<\/div>\n\t\t\t\t<figcaption class='wp-caption-text gallery-caption' id='gallery-4-2044'>\n\t\t\t\tSchienens\u00e4ge aus &#8222;Unterhaltung des Oberbaus&#8220;, DR 1936 \n\t\t\t\t<\/figcaption><\/figure>\n\t\t<\/div>\n\n","protected":false},"excerpt":{"rendered":"<p>Folgende Aktivit\u00e4ten bietet das Eisenbahn- und Heimatmuseum Erkrath-Hochdahl an Pers\u00f6nliche F\u00fchrungen Gerne zeigen wir Ihnen alles im und rund um den Lokschuppen. Wir erkl\u00e4ren, warum in Hochdahl ein Lokschuppen steht und welche Geschichte beispielsweise unsere Fahrzeuge haben. Sowohl die etwas<a class=\"more-link\" href=\"https:\/\/www.lokschuppen-hochdahl.de\/wordpress\/aktivitaeten\/\" title=\"Aktivit\u00e4ten\"><span>Mehr<\/span><\/a><\/p>\n","protected":false},"author":1,"featured_media":0,"parent":0,"menu_order":0,"comment_status":"closed","ping_status":"closed","template":"","meta":[],"_links":{"self":[{"href":"https:\/\/www.lokschuppen-hochdahl.de\/wordpress\/wp-json\/wp\/v2\/pages\/1981"}],"collection":[{"href":"https:\/\/www.lokschuppen-hochdahl.de\/wordpress\/wp-json\/wp\/v2\/pages"}],"about":[{"href":"https:\/\/www.lokschuppen-hochdahl.de\/wordpress\/wp-json\/wp\/v2\/types\/page"}],"author":[{"embeddable":true,"href":"https:\/\/www.lokschuppen-hochdahl.de\/wordpress\/wp-json\/wp\/v2\/users\/1"}],"replies":[{"embeddable":true,"href":"https:\/\/www.lokschuppen-hochdahl.de\/wordpress\/wp-json\/wp\/v2\/comments?post=1981"}],"version-history":[{"count":15,"href":"https:\/\/www.lokschuppen-hochdahl.de\/wordpress\/wp-json\/wp\/v2\/pages\/1981\/revisions"}],"predecessor-version":[{"id":2045,"href":"https:\/\/www.lokschuppen-hochdahl.de\/wordpress\/wp-json\/wp\/v2\/pages\/1981\/revisions\/2045"}],"wp:attachment":[{"href":"https:\/\/www.lokschuppen-hochdahl.de\/wordpress\/wp-json\/wp\/v2\/media?parent=1981"}],"curies":[{"name":"wp","href":"https:\/\/api.w.org\/{rel}","templated":true}]}}